{"id":257910,"date":"2017-09-11T22:26:19","date_gmt":"2017-09-11T22:26:19","guid":{"rendered":"http:\/\/sanremofestival.net\/fr\/les-billets-pour-le-festival-de-san-remo-2017\/"},"modified":"2023-07-14T08:33:07","modified_gmt":"2023-07-14T08:33:07","slug":"les-billets-pour-le-festival-de-san-remo","status":"publish","type":"page","link":"https:\/\/sanremofestival.net\/fr\/les-billets-pour-le-festival-de-san-remo\/","title":{"rendered":"Les Billets pour le Festival de San Remo"},"content":{"rendered":"<p>[et_pb_section fb_built=\u00a0\u00bb1&Prime; _builder_version=\u00a0\u00bb4.16&Prime; _module_preset=\u00a0\u00bbdefault\u00a0\u00bb global_colors_info=\u00a0\u00bb{}\u00a0\u00bb][et_pb_row column_structure=\u00a0\u00bb3_5,2_5&Prime; _builder_version=\u00a0\u00bb4.16&Prime; _module_preset=\u00a0\u00bbdefault\u00a0\u00bb global_colors_info=\u00a0\u00bb{}\u00a0\u00bb][et_pb_column type=\u00a0\u00bb3_5&Prime; _builder_version=\u00a0\u00bb4.16&Prime; _module_preset=\u00a0\u00bbdefault\u00a0\u00bb global_colors_info=\u00a0\u00bb{}\u00a0\u00bb][et_pb_text _builder_version=\u00a0\u00bb4.19.5&Prime; background_size=\u00a0\u00bbinitial\u00a0\u00bb background_position=\u00a0\u00bbtop_left\u00a0\u00bb background_repeat=\u00a0\u00bbrepeat\u00a0\u00bb hover_enabled=\u00a0\u00bb0&Prime; global_colors_info=\u00a0\u00bb{}\u00a0\u00bb sticky_enabled=\u00a0\u00bb0&Prime;]<\/p>\n<h3><strong>Toutes les informations dont vous avez besoin pour acheter des billets pour le festival de Sanremo 2027 afin d&rsquo;assister aux soir\u00e9es du festival de la chanson italienne.<\/strong><\/h3>\n<p>La billetterie du festival de Sanremo est g\u00e9r\u00e9e par la RAI, radio et t\u00e9l\u00e9vision italienne, qui organise l&rsquo;\u00e9v\u00e9nement.<\/p>\n<p>Les places du Th\u00e9\u00e2tre Ariston disponibles pour le public sont extr\u00eamement limit\u00e9es, \u00e9tant donn\u00e9 que la capacit\u00e9 est r\u00e9duite par la conception imposante de la sc\u00e8ne et aussi par le fait qu&rsquo;une grande partie des places disponibles sont r\u00e9serv\u00e9es \u00e0 l&rsquo;hospitalit\u00e9 institutionnelle de la t\u00e9l\u00e9vision d&rsquo;\u00c9tat et de la municipalit\u00e9 de Sanremo.<\/p>\n<p><strong>Seuls les abonnements aux 5 soir\u00e9es sont disponibles au stade de la pr\u00e9vente.<\/strong><\/p>\n<h3>\u00a0<\/h3>\n<h3>APR\u00c8S-VENTE EXCLUSIVE (octobre &#8211; d\u00e9cembre)<\/h3>\n<p>Un nombre limit\u00e9 d&rsquo;abonnements est r\u00e9serv\u00e9 aux clients s\u00e9journant dans des h\u00f4tels de la ville et r\u00e9serv\u00e9 \u00e0 ceux qui ach\u00e8tent un forfait d&rsquo;h\u00e9bergement complet pour l&rsquo;\u00e9v\u00e9nement.<\/p>\n<p>Notre agence propose diff\u00e9rentes solutions de forfaits d&rsquo;h\u00e9bergement, comprenant des h\u00f4tels et des billets pour les 5 soir\u00e9es du Festival. Les r\u00e9servations de forfaits sont normalement disponibles de d\u00e9but octobre, lorsque les dates du festival sont officiellement annonc\u00e9es, \u00e0 la mi-d\u00e9cembre.<\/p>\n<p><strong><span style=\"color: #ff0000;\">Contactez-nous via le <a title=\"Contacts\" href=\"http:\/\/sanremofestival.net\/contact\/\">Formulaire de contact<\/a> du site web pour obtenir des informations sur la disponibilit\u00e9 des forfaits d&rsquo;h\u00e9bergement, y compris l&rsquo;h\u00e9bergement \u00e0 l&rsquo;h\u00f4tel et les billets pour le Festival.<\/span><\/strong><\/p>\n<h3>BUREAU OFFICIEL DES BILLETS RAI-ARISTON (janvier)<\/h3>\n<p>Dans les premiers jours de janvier, la RAI active la billetterie pour la r\u00e9servation des abonnements restants.<br \/>Les abonnements sont ensuite g\u00e9n\u00e9ralement tir\u00e9s au sort parmi ceux qui en ont fait la demande.<br \/>Il faut tenir compte du fait que la demande de billets d\u00e9passe largement les disponibilit\u00e9s du th\u00e9\u00e2tre.<br \/>Ces derni\u00e8res ann\u00e9es, la disponibilit\u00e9 des abonnements \u00e0 ce stade s&rsquo;est limit\u00e9e \u00e0 la galerie du th\u00e9\u00e2tre.<\/p>\n<h3>BILLETS POUR LES SOIR\u00c9ES UNIQUES<\/h3>\n<p>Dans les jours qui pr\u00e9c\u00e8dent l&rsquo;\u00e9v\u00e9nement, les quelques billets r\u00e9serv\u00e9s qui n&rsquo;ont pas \u00e9t\u00e9 retir\u00e9s \u00e0 temps sont \u00e0 nouveau en vente.<br \/>Ce n&rsquo;est qu&rsquo;\u00e0 ce stade qu&rsquo;il est possible d&rsquo;acheter des billets pour les diff\u00e9rentes soir\u00e9es de l&rsquo;\u00e9v\u00e9nement.<br \/>Ici aussi, la demande de billets d\u00e9passe largement la disponibilit\u00e9 des billets, de sorte qu&rsquo;il est souvent impossible d&rsquo;acheter un billet.<\/p>\n<p><strong><span style=\"color: #ff0000;\">Si vous \u00eates un vrai fan de la chanson italienne, notre conseil est de r\u00e9server un forfait \u00e0 l&rsquo;avance. Contactez-nous via le <a title=\"Contacts\" href=\"http:\/\/sanremofestival.net\/contact\/\">formulaire de contact<\/a> du site web et nous serons heureux de vous aider.<\/span><\/strong><\/p>\n<h3>Les endroits disponibles<\/h3>\n<p>L&rsquo;attribution des places est \u00e0 la seule discr\u00e9tion du RAI.<br \/>Vous trouverez ci-dessous un r\u00e9sum\u00e9 des places effectivement disponibles \u00e0 l&rsquo;avance.<\/p>\n<p>[\/et_pb_text][et_pb_text _builder_version=\u00a0\u00bb4.16&Prime; background_size=\u00a0\u00bbinitial\u00a0\u00bb background_position=\u00a0\u00bbtop_left\u00a0\u00bb background_repeat=\u00a0\u00bbrepeat\u00a0\u00bb global_colors_info=\u00a0\u00bb{}\u00a0\u00bb]<\/p>\n<table style=\"border-collapse: collapse; width: 100%;\" border=\"1\">\n<caption>THEATRE ARISTON<\/caption>\n<tbody>\n<tr>\n<td style=\"width: 20%;\">\u00a0<\/td>\n<td style=\"width: 30%;\">SECTEUR<\/td>\n<td style=\"width: 70%;\">DISPONIBILITE<\/td>\n<\/tr>\n<tr>\n<td style=\"width: 20%;\">\u00e9tals<\/td>\n<td style=\"width: 30%;\">1\u00e8me secteur<\/td>\n<td style=\"width: 70%;\">hospitalit\u00e9 institutionnelle uniquement<\/td>\n<\/tr>\n<tr>\n<td style=\"width: 20%;\">\u00e9tals<\/td>\n<td style=\"width: 30%;\">2\u00e8me secteur<\/td>\n<td style=\"width: 70%;\">partiellement disponibles \u00e0 l&rsquo;avance<\/td>\n<\/tr>\n<tr>\n<td style=\"width: 20%;\">galerie<\/td>\n<td style=\"width: 30%;\">secteur unique<\/td>\n<td style=\"width: 70%;\">en partie disponible \u00e0 l&rsquo;avance<\/td>\n<\/tr>\n<\/tbody>\n<\/table>\n<p>[\/et_pb_text][et_pb_text _builder_version=\u00a0\u00bb4.19.5&Prime; background_size=\u00a0\u00bbinitial\u00a0\u00bb background_position=\u00a0\u00bbtop_left\u00a0\u00bb background_repeat=\u00a0\u00bbrepeat\u00a0\u00bb global_colors_info=\u00a0\u00bb{}\u00a0\u00bb]<\/p>\n<h3>MESURES DE S\u00c9CURIT\u00c9<\/h3>\n<p>Les billets pour les \u00e9v\u00e9nements sont nominatifs, il est donc n\u00e9cessaire de fournir des informations personnelles compl\u00e8tes lors de l&rsquo;achat.<\/p>\n<p>En achetant un forfait aupr\u00e8s de notre agence, vous n&rsquo;avez pas \u00e0 vous soucier de toutes les formalit\u00e9s administratives.<\/p>\n<p>[\/et_pb_text][\/et_pb_column][et_pb_column type=\u00a0\u00bb2_5&Prime; _builder_version=\u00a0\u00bb4.16&Prime; _module_preset=\u00a0\u00bbdefault\u00a0\u00bb global_colors_info=\u00a0\u00bb{}\u00a0\u00bb][et_pb_sidebar orientation=\u00a0\u00bbright\u00a0\u00bb module_class=\u00a0\u00bbsidebar-main\u00a0\u00bb _builder_version=\u00a0\u00bb4.16&Prime; _module_preset=\u00a0\u00bbdefault\u00a0\u00bb global_colors_info=\u00a0\u00bb{}\u00a0\u00bb][\/et_pb_sidebar][\/et_pb_column][\/et_pb_row][\/et_pb_section]<\/p>\n","protected":false},"excerpt":{"rendered":"<p>Toutes les informations dont vous avez besoin pour acheter des billets pour le festival de Sanremo 2027 afin d&rsquo;assister aux soir\u00e9es du festival de la chanson italienne. La billetterie du festival de Sanremo est g\u00e9r\u00e9e par la RAI, radio et t\u00e9l\u00e9vision italienne, qui organise l&rsquo;\u00e9v\u00e9nement. Les places du Th\u00e9\u00e2tre Ariston disponibles pour le public sont [&hellip;]<\/p>\n","protected":false},"author":1,"featured_media":0,"parent":0,"menu_order":0,"comment_status":"closed","ping_status":"closed","template":"","meta":{"_et_pb_use_builder":"on","_et_pb_old_content":"","_et_gb_content_width":"","footnotes":""},"class_list":["post-257910","page","type-page","status-publish","hentry"],"_links":{"self":[{"href":"https:\/\/sanremofestival.net\/fr\/wp-json\/wp\/v2\/pages\/257910","targetHints":{"allow":["GET"]}}],"collection":[{"href":"https:\/\/sanremofestival.net\/fr\/wp-json\/wp\/v2\/pages"}],"about":[{"href":"https:\/\/sanremofestival.net\/fr\/wp-json\/wp\/v2\/types\/page"}],"author":[{"embeddable":true,"href":"https:\/\/sanremofestival.net\/fr\/wp-json\/wp\/v2\/users\/1"}],"replies":[{"embeddable":true,"href":"https:\/\/sanremofestival.net\/fr\/wp-json\/wp\/v2\/comments?post=257910"}],"version-history":[{"count":19,"href":"https:\/\/sanremofestival.net\/fr\/wp-json\/wp\/v2\/pages\/257910\/revisions"}],"predecessor-version":[{"id":443619,"href":"https:\/\/sanremofestival.net\/fr\/wp-json\/wp\/v2\/pages\/257910\/revisions\/443619"}],"wp:attachment":[{"href":"https:\/\/sanremofestival.net\/fr\/wp-json\/wp\/v2\/media?parent=257910"}],"curies":[{"name":"wp","href":"https:\/\/api.w.org\/{rel}","templated":true}]}}