{"id":76169,"date":"2015-08-13T14:48:53","date_gmt":"2015-08-13T14:48:53","guid":{"rendered":"http:\/\/sanremofestival.net\/tickets-para-el-festival-de-san-remo-2015\/"},"modified":"2026-04-30T07:42:31","modified_gmt":"2026-04-30T07:42:31","slug":"tickets-festival-de-san-remo","status":"publish","type":"page","link":"https:\/\/sanremofestival.net\/es\/tickets-festival-de-san-remo\/","title":{"rendered":"Tickets Festival de San Remo 2027"},"content":{"rendered":"<p>[et_pb_section fb_built=\u00bb1&#8243; _builder_version=\u00bb4.16&#8243; _module_preset=\u00bbdefault\u00bb global_colors_info=\u00bb{}\u00bb][et_pb_row column_structure=\u00bb3_5,2_5&#8243; _builder_version=\u00bb4.16&#8243; _module_preset=\u00bbdefault\u00bb global_colors_info=\u00bb{}\u00bb][et_pb_column type=\u00bb3_5&#8243; _builder_version=\u00bb4.16&#8243; _module_preset=\u00bbdefault\u00bb global_colors_info=\u00bb{}\u00bb][et_pb_text admin_label=\u00bbText\u00bb _builder_version=\u00bb4.19.5&#8243; background_size=\u00bbinitial\u00bb background_position=\u00bbtop_left\u00bb background_repeat=\u00bbrepeat\u00bb hover_enabled=\u00bb0&#8243; global_colors_info=\u00bb{}\u00bb sticky_enabled=\u00bb0&#8243;]<\/p>\n<h3><strong>Toda la informaci\u00f3n que necesita para comprar tickets Festival de San Remo 2027 y asistir a las 5 noches del Festival de la Canci\u00f3n Italiana de San Remo.<\/strong><\/h3>\n<p>La taquilla del Festival de San Remo est\u00e1 gestionada por la RAI, la cadena de radio-televisi\u00f3n italiana, responsable de la organizaci\u00f3n del evento.<\/p>\n<p>Las plazas disponibles para el p\u00fablico en el Teatro Ariston son muy limitadas, ya que el aforo se ve reducido por la impresionante escenograf\u00eda y la mayor\u00eda de los asientos est\u00e1n reservados para los invitados institucionales de la televisi\u00f3n estatal y la comuna de San Remo.<br \/><strong>En la preventa solo se pueden adquirir abonos para las cinco noches del evento.<\/strong><\/p>\n<h3>PAQUETES HOTEL+TICKET<\/h3>\n<p>Hay un n\u00famero limitado de abonos reservados a aquellos clientes de los hoteles de San Remo que adquieran un paquete vacacional completo para asistir al evento.<br \/><strong><span style=\"color: #ff0000;\">Contacte con nosotros mediante el formulario de \u00abContacto\u00bb del sitio web para recibir m\u00e1s informaci\u00f3n sobre disponibilidad de paquetes vacacionales, alojamiento en hoteles + entradas para el evento.<\/span><\/strong><\/p>\n<h3>TAQUILLA DE LA RAI<\/h3>\n<p>A principios de enero la RAI activa una taquilla para reservar los abonos restantes. Normalmente, se proporciona un n\u00famero de FAX para atender las solicitudes. Los abonos se sortear\u00e1n entre quienes hayan presentado su solicitud. Por favor, tenga en cuenta que la demanda de entradas para el evento supera con creces el aforo del teatro. En las \u00faltimas ediciones, se ha limitado la disponibilidad de abonos durante esta fase a la zona de galer\u00eda del teatro.<\/p>\n<h3>TAQUILLA DEL TEATRO ARISTON<\/h3>\n<p>En los d\u00edas inmediatamente anteriores al evento y durante el Festival, se abrir\u00e1 una taquilla en el Teatro Ariston. Por lo general, estar\u00e1n a la venta aquellos asientos del sector de la orquesta reservados con antelaci\u00f3n y que no han sido recogidos a tiempo, as\u00ed como algunas entradas para el sector de la galer\u00eda. Esta es la \u00fanica fase en la que se pueden adquirir tickets para noches sueltas del Festival. Tambi\u00e9n en esta ocasi\u00f3n la demanda supera sobradamente la oferta de plazas, por lo que resulta casi imposible adquirir entradas.<br \/><strong><span style=\"color: #ff0000;\">Si son ustedes verdaderos amantes de la Canci\u00f3n italiana, les sugerimos que reserven con tiempo un paquete vacacional. Contacten con nosotros <strong>mediante el formulario de \u00abContacto\u00bb del sitio web y estaremos encantados de ayudarles<\/strong>.\u00a0<\/span><\/strong><\/p>\n<p>[\/et_pb_text][et_pb_text admin_label=\u00bbText\u00bb _builder_version=\u00bb4.19.5&#8243; background_size=\u00bbinitial\u00bb background_position=\u00bbtop_left\u00bb background_repeat=\u00bbrepeat\u00bb hover_enabled=\u00bb0&#8243; global_colors_info=\u00bb{}\u00bb sticky_enabled=\u00bb0&#8243;]<\/p>\n<h3>ASIENTOS DISPONIBLES<\/h3>\n<p>La situaci\u00f3n de los asientos disponibles depende \u00fanicamente del criterio de la RAI. A continuaci\u00f3n se muestra una vista general de las plazas disponibles en la preventa.<\/p>\n<table style=\"border-collapse: collapse; width: 100%;\" border=\"1\">\n<caption>TEATRO ARISTON<\/caption>\n<tbody>\n<tr>\n<td style=\"width: 20%;\">\u00a0<\/td>\n<td style=\"width: 30%;\">SECTOR<\/td>\n<td style=\"width: 70%;\">DISPONIBILIDAD&#8217;<\/td>\n<\/tr>\n<tr>\n<td style=\"width: 20%;\">platea<\/td>\n<td style=\"width: 30%;\">sector 1\u00b0<\/td>\n<td style=\"width: 70%;\">solo hosipitalidad institucional<\/td>\n<\/tr>\n<tr>\n<td style=\"width: 20%;\">platea<\/td>\n<td style=\"width: 30%;\">sector 2<\/td>\n<td style=\"width: 70%;\">parcialmente disponible en preventa<\/td>\n<\/tr>\n<tr>\n<td style=\"width: 20%;\">galeria<\/td>\n<td style=\"width: 30%;\">sector unico<\/td>\n<td style=\"width: 70%;\">parcialmente disponible en preventa<\/td>\n<\/tr>\n<\/tbody>\n<\/table>\n<p>[\/et_pb_text][et_pb_text admin_label=\u00bbText\u00bb _builder_version=\u00bb4.19.5&#8243; background_size=\u00bbinitial\u00bb background_position=\u00bbtop_left\u00bb background_repeat=\u00bbrepeat\u00bb hover_enabled=\u00bb0&#8243; global_colors_info=\u00bb{}\u00bb sticky_enabled=\u00bb0&#8243;]<\/p>\n<p><strong>MEDIDAS DE SEGURIDAD<\/strong><\/p>\n<p>Las entradas para los eventos tienen nombres asignados, por lo que a la hora de comprarlas se requieren los datos completos del comprador.<\/p>\n<p>Al comprar un paquete de vacaciones ofrecido por nuestra agencia, no tendr\u00e1 que preocuparse de toda la complicada burocracia.<\/p>\n<p>[\/et_pb_text][\/et_pb_column][et_pb_column type=\u00bb2_5&#8243; _builder_version=\u00bb4.16&#8243; _module_preset=\u00bbdefault\u00bb global_colors_info=\u00bb{}\u00bb][et_pb_sidebar orientation=\u00bbright\u00bb module_class=\u00bbsidebar-main\u00bb _builder_version=\u00bb4.16&#8243; _module_preset=\u00bbdefault\u00bb hover_enabled=\u00bb0&#8243; global_colors_info=\u00bb{}\u00bb sticky_enabled=\u00bb0&#8243;][\/et_pb_sidebar][\/et_pb_column][\/et_pb_row][\/et_pb_section]<\/p>\n","protected":false},"excerpt":{"rendered":"<p>Toda la informaci\u00f3n que necesita para comprar tickets Festival de San Remo 2027 y asistir a las 5 noches del Festival de la Canci\u00f3n Italiana de San Remo. La taquilla del Festival de San Remo est\u00e1 gestionada por la RAI, la cadena de radio-televisi\u00f3n italiana, responsable de la organizaci\u00f3n del evento. Las plazas disponibles para [&hellip;]<\/p>\n","protected":false},"author":1,"featured_media":0,"parent":0,"menu_order":0,"comment_status":"closed","ping_status":"closed","template":"","meta":{"_et_pb_use_builder":"on","_et_pb_old_content":"<h3><span style=\"display: inline-block; width: 0px; overflow: hidden; line-height: 0;\" data-mce-type=\"bookmark\" class=\"mce_SELRES_start\">\ufeff<\/span>Toda la informaci\u00f3n que necesita para comprar tickets Festival de San Remo 2021 y asistir a las 5 noches del Festival de la Canci\u00f3n Italiana de San Remo.<\/h3>\r\nLa taquilla del Festival de San Remo est\u00e1 gestionada por la RAI, la cadena de radio-televisi\u00f3n italiana, responsable de la organizaci\u00f3n del evento.\r\n\r\nLas plazas disponibles para el p\u00fablico en el Teatro Ariston son muy limitadas, ya que el aforo se ve reducido por la impresionante escenograf\u00eda y la mayor\u00eda de los asientos est\u00e1n reservados para los invitados institucionales de la televisi\u00f3n estatal y la comuna de San Remo.\r\n<strong>En la preventa solo se pueden adquirir abonos para las cinco noches del evento.<\/strong>\r\n\r\n<h3>PAQUETES HOTEL+TICKET<\/h3>\r\nHay un n\u00famero limitado de abonos reservados a aquellos clientes de los hoteles de San Remo que adquieran un paquete vacacional completo para asistir al evento.\r\n<strong><span style=\"color: #ff0000;\">Contacte con nosotros mediante el formulario de \"Contacto\" del sitio web para recibir m\u00e1s informaci\u00f3n sobre disponibilidad de paquetes vacacionales, alojamiento en hoteles + entradas para el evento.<\/span><\/strong>\r\n\r\n<h3>TAQUILLA DE LA RAI<\/h3>\r\nA principios de enero la RAI activa una taquilla para reservar los abonos restantes. Normalmente, se proporciona un n\u00famero de FAX para atender las solicitudes. Los abonos se sortear\u00e1n entre quienes hayan presentado su solicitud. Por favor, tenga en cuenta que la demanda de entradas para el evento supera con creces el aforo del teatro. En las \u00faltimas ediciones, se ha limitado la disponibilidad de abonos durante esta fase a la zona de galer\u00eda del teatro.\r\n\r\n<h3>TAQUILLA DEL TEATRO ARISTON<\/h3>\r\nEn los d\u00edas inmediatamente anteriores al evento y durante el Festival, se abrir\u00e1 una taquilla en el Teatro Ariston. Por lo general, estar\u00e1n a la venta aquellos asientos del sector de la orquesta reservados con antelaci\u00f3n y que no han sido recogidos a tiempo, as\u00ed como algunas entradas para el sector de la galer\u00eda. Esta es la \u00fanica fase en la que se pueden adquirir tickets para noches sueltas del Festival. Tambi\u00e9n en esta ocasi\u00f3n la demanda supera sobradamente la oferta de plazas, por lo que resulta casi imposible adquirir entradas.\r\n<strong><span style=\"color: #ff0000;\">Si son ustedes verdaderos amantes de la Canci\u00f3n italiana, les sugerimos que reserven con tiempo un paquete vacacional. Contacten con nosotros <strong>mediante el formulario de \"Contacto\" del sitio web y estaremos encantados de ayudarles<\/strong>.\u00a0<\/span><\/strong>\r\n\r\n<h3>ASIENTOS DISPONIBLES<\/h3>\r\nLa situaci\u00f3n de los asientos disponibles depende \u00fanicamente del criterio de la RAI. A continuaci\u00f3n se muestra una vista general de las plazas disponibles en la preventa.\r\n\r\n[table caption=\"ARISTON THEATER\" width=\"500\" colwidth=\"100|100|300\" colalign=\"left|left|left\"] \r\n,sector,availability\r\nplatea,sector 1\u00b0,only institutional hosipitality \r\nplatea,sector 2\u00b0,partially available in presale \r\ngallery,unique sector,partially available in presale \r\n[\/table]\r\n\r\n<span style=\"display: inline-block; width: 0px; overflow: hidden; line-height: 0;\" data-mce-type=\"bookmark\" class=\"mce_SELRES_start\">\ufeff<\/span>\r\n\r\n<h3>SECURITY MEASURES<\/h3>\r\nThe event tickets are assigned names, so that when they are being purchased the complete details of the purchaser are required.\r\n\r\nBy buying a holiday package offered by our agency, you don\u2019t have to worry about all the complicated bureaucracy.","_et_gb_content_width":"","footnotes":""},"class_list":["post-76169","page","type-page","status-publish","hentry"],"_links":{"self":[{"href":"https:\/\/sanremofestival.net\/es\/wp-json\/wp\/v2\/pages\/76169","targetHints":{"allow":["GET"]}}],"collection":[{"href":"https:\/\/sanremofestival.net\/es\/wp-json\/wp\/v2\/pages"}],"about":[{"href":"https:\/\/sanremofestival.net\/es\/wp-json\/wp\/v2\/types\/page"}],"author":[{"embeddable":true,"href":"https:\/\/sanremofestival.net\/es\/wp-json\/wp\/v2\/users\/1"}],"replies":[{"embeddable":true,"href":"https:\/\/sanremofestival.net\/es\/wp-json\/wp\/v2\/comments?post=76169"}],"version-history":[{"count":22,"href":"https:\/\/sanremofestival.net\/es\/wp-json\/wp\/v2\/pages\/76169\/revisions"}],"predecessor-version":[{"id":445279,"href":"https:\/\/sanremofestival.net\/es\/wp-json\/wp\/v2\/pages\/76169\/revisions\/445279"}],"wp:attachment":[{"href":"https:\/\/sanremofestival.net\/es\/wp-json\/wp\/v2\/media?parent=76169"}],"curies":[{"name":"wp","href":"https:\/\/api.w.org\/{rel}","templated":true}]}}