{"id":257721,"date":"2017-09-09T09:21:45","date_gmt":"2017-09-09T09:21:45","guid":{"rendered":"http:\/\/sanremofestival.net\/de\/urlaub-in-san-remo\/"},"modified":"2023-07-31T17:32:38","modified_gmt":"2023-07-31T17:32:38","slug":"urlaub-in-san-remo","status":"publish","type":"page","link":"https:\/\/sanremofestival.net\/de\/urlaub-in-san-remo\/","title":{"rendered":"URLAUB IN SAN REMO"},"content":{"rendered":"<p>[et_pb_section fb_built=&#8220;1&#8243; specialty=&#8220;on&#8220; module_class=&#8220;all_pages_section&#8220; _builder_version=&#8220;4.16&#8243; _module_preset=&#8220;default&#8220; global_colors_info=&#8220;{}&#8220;][et_pb_column type=&#8220;3_4&#8243; specialty_columns=&#8220;3&#8243; _builder_version=&#8220;4.16&#8243; custom_padding=&#8220;|||&#8220; global_colors_info=&#8220;{}&#8220; custom_padding__hover=&#8220;|||&#8220;][et_pb_row_inner _builder_version=&#8220;4.16&#8243; _module_preset=&#8220;default&#8220; global_colors_info=&#8220;{}&#8220;][et_pb_column_inner saved_specialty_column_type=&#8220;3_4&#8243; module_class=&#8220;content_col&#8220; _builder_version=&#8220;4.16&#8243; _module_preset=&#8220;default&#8220; global_colors_info=&#8220;{}&#8220;][et_pb_text admin_label=&#8220;Text&#8220; _builder_version=&#8220;4.19.5&#8243; background_size=&#8220;initial&#8220; background_position=&#8220;top_left&#8220; background_repeat=&#8220;repeat&#8220; hover_enabled=&#8220;0&#8243; global_colors_info=&#8220;{}&#8220; sticky_enabled=&#8220;0&#8243;]<\/p>\n<h3><strong>Dem San Remo Festival 2027 zum Anlass, stehen wir zur Verf\u00fcgung, bei der Organisation eines unvergesslichen Urlaubs in San Remo f\u00fcr Passionierte des italienischen Liedes mit kompetentem Personal zu helfen.<\/strong><\/h3>\n<p>&nbsp;<\/p>\n<p>W\u00e4hlen Sie aus der Auswahl den Service, der Ihre W\u00fcnsche erf\u00fcllt:<\/p>\n<p>Tourpakete mit<\/p>\n<ul>\n<li>Tickets f\u00fcr das Festival<\/li>\n<li>Unterbringung in 3-5 Sterne-Hotels<\/li>\n<\/ul>\n<p>Hotel Reservierungen<\/p>\n<ul>\n<li>f\u00fcr einzelne Touristen<\/li>\n<li>f\u00fcr autorisiertes Personal<\/li>\n<\/ul>\n<p>Erhalten Sie zus\u00e4tzliche touristische Angebote:<\/p>\n<ul>\n<li>Transfer von den Flugh\u00e4fen in Nizza und Genua<\/li>\n<li>Auto-Vermietung<\/li>\n<li>Buchen von Fl\u00fcgen und F\u00e4hrschiffen<\/li>\n<\/ul>\n<p>&nbsp;<\/p>\n<p>Organisation:<br \/><strong>Nyala Wonder Travel<\/strong><br \/>Via Solaro 134 &#8211; 18038 San Remo<br \/><strong>Tel. 0184 666 986\u00a0<\/strong><br \/>(Mo.-Fr. 9:30-17:30 Uhr \/ Sa. 9:30-13:00 Uhr)<\/p>\n<p>[\/et_pb_text][\/et_pb_column_inner][\/et_pb_row_inner][\/et_pb_column][et_pb_column type=&#8220;1_4&#8243; _builder_version=&#8220;4.16&#8243; custom_padding=&#8220;|||&#8220; global_colors_info=&#8220;{}&#8220; custom_padding__hover=&#8220;|||&#8220;][et_pb_sidebar orientation=&#8220;right&#8220; module_class=&#8220;sidebar-main&#8220; _builder_version=&#8220;4.16&#8243; _module_preset=&#8220;default&#8220; global_colors_info=&#8220;{}&#8220;][\/et_pb_sidebar][\/et_pb_column][\/et_pb_section]<\/p>\n","protected":false},"excerpt":{"rendered":"<p>Dem San Remo Festival 2027 zum Anlass, stehen wir zur Verf\u00fcgung, bei der Organisation eines unvergesslichen Urlaubs in San Remo f\u00fcr Passionierte des italienischen Liedes mit kompetentem Personal zu helfen. &nbsp; W\u00e4hlen Sie aus der Auswahl den Service, der Ihre W\u00fcnsche erf\u00fcllt: Tourpakete mit Tickets f\u00fcr das Festival Unterbringung in 3-5 Sterne-Hotels Hotel Reservierungen f\u00fcr [&hellip;]<\/p>\n","protected":false},"author":1,"featured_media":0,"parent":0,"menu_order":0,"comment_status":"closed","ping_status":"closed","template":"","meta":{"_et_pb_use_builder":"on","_et_pb_old_content":"<h3>Dem San Remo Festival 2019 zum Anlass, stehen wir zur Verf\u00fcgung, bei der Organisation eines unvergesslichen Urlaubs in San Remo f\u00fcr Passionierte des italienischen Liedes mit kompetentem Personal zu helfen.<\/h3>\r\n\u00a0\r\n\r\nW\u00e4hlen Sie aus der Auswahl den Service, der Ihre W\u00fcnsche erf\u00fcllt:\r\n\r\nTourpakete mit\r\n<ul>\r\n \t<li>Tickets f\u00fcr das Festival<\/li>\r\n \t<li>Unterbringung in 3-5 Sterne-Hotels<\/li>\r\n<\/ul>\r\nHotel Reservierungen\r\n<ul>\r\n \t<li>f\u00fcr einzelne Touristen<\/li>\r\n \t<li>f\u00fcr autorisiertes Personal<\/li>\r\n<\/ul>\r\nErhalten Sie zus\u00e4tzliche touristische Angebote:\r\n<ul>\r\n \t<li>Transfer von den Flugh\u00e4fen in Nizza und Genua<\/li>\r\n \t<li>Auto-Vermietung<\/li>\r\n \t<li>Buchen von Fl\u00fcgen und F\u00e4hrschiffen<\/li>\r\n<\/ul>\r\n\u00a0\r\n\r\nOrganisation:\r\n<strong>Nyala Wonder Travel<\/strong>\r\nVia Solaro 134 - 18038 San Remo\r\n<strong>Tel. 0184 666 986\u00a0<\/strong>\r\n(Mo.-Fr. 9:30-17:30 Uhr \/ Sa. 9:30-13:00 Uhr)","_et_gb_content_width":"","footnotes":""},"class_list":["post-257721","page","type-page","status-publish","hentry"],"_links":{"self":[{"href":"https:\/\/sanremofestival.net\/de\/wp-json\/wp\/v2\/pages\/257721","targetHints":{"allow":["GET"]}}],"collection":[{"href":"https:\/\/sanremofestival.net\/de\/wp-json\/wp\/v2\/pages"}],"about":[{"href":"https:\/\/sanremofestival.net\/de\/wp-json\/wp\/v2\/types\/page"}],"author":[{"embeddable":true,"href":"https:\/\/sanremofestival.net\/de\/wp-json\/wp\/v2\/users\/1"}],"replies":[{"embeddable":true,"href":"https:\/\/sanremofestival.net\/de\/wp-json\/wp\/v2\/comments?post=257721"}],"version-history":[{"count":6,"href":"https:\/\/sanremofestival.net\/de\/wp-json\/wp\/v2\/pages\/257721\/revisions"}],"predecessor-version":[{"id":443787,"href":"https:\/\/sanremofestival.net\/de\/wp-json\/wp\/v2\/pages\/257721\/revisions\/443787"}],"wp:attachment":[{"href":"https:\/\/sanremofestival.net\/de\/wp-json\/wp\/v2\/media?parent=257721"}],"curies":[{"name":"wp","href":"https:\/\/api.w.org\/{rel}","templated":true}]}}