{"id":257653,"date":"2017-09-08T14:43:46","date_gmt":"2017-09-08T14:43:46","guid":{"rendered":"http:\/\/sanremofestival.net\/de\/tickets-san-remo-festival-2018\/"},"modified":"2023-07-14T08:28:35","modified_gmt":"2023-07-14T08:28:35","slug":"tickets-san-remo-festival","status":"publish","type":"page","link":"https:\/\/sanremofestival.net\/de\/tickets-san-remo-festival\/","title":{"rendered":"Tickets f\u00fcr das San Remo Festival"},"content":{"rendered":"<p>[et_pb_section fb_built=&#8220;1&#8243; _builder_version=&#8220;4.16&#8243; _module_preset=&#8220;default&#8220; global_colors_info=&#8220;{}&#8220;][et_pb_row column_structure=&#8220;3_5,2_5&#8243; _builder_version=&#8220;4.16&#8243; _module_preset=&#8220;default&#8220; global_colors_info=&#8220;{}&#8220;][et_pb_column type=&#8220;3_5&#8243; _builder_version=&#8220;4.16&#8243; _module_preset=&#8220;default&#8220; global_colors_info=&#8220;{}&#8220;][et_pb_text admin_label=&#8220;Text&#8220; _builder_version=&#8220;4.19.5&#8243; background_size=&#8220;initial&#8220; background_position=&#8220;top_left&#8220; background_repeat=&#8220;repeat&#8220; hover_enabled=&#8220;0&#8243; global_colors_info=&#8220;{}&#8220; sticky_enabled=&#8220;0&#8243;]<\/p>\n<h3>Alle Informationen, die Sie brauchen, um die Tickets f\u00fcr das San Remo Festival 2027 zu kaufen, um an den 5 Abenden des San Remo Festivals des italienischen Songs teilzunehmen, finden Sie hier.<\/h3>\n<p>Der Kartenverkauf des San Remo Festivals wird von dem RAI, einem italienischen Radio\/TV-Sender, welcher die Veranstaltung organisiert, gef\u00fchrt.<\/p>\n<p>Die f\u00fcr die \u00d6ffentlichkeit verf\u00fcgbaren Pl\u00e4tze im Ariston Theater sind streng limitiert, weil die Publikumsgr\u00f6\u00dfe durch die beeindruckende B\u00fchnengestaltung und durch die Tatsache, dass die meisten Sitze institutionellen G\u00e4sten des staatlichen Fernsehens und der Kommune San Remo vorbehalten sind, begrenzt wird.<\/p>\n<p><strong>Vorverk\u00e4ufe sind nur mit Kaufoptionen f\u00fcr die 5 Abende der Veranstaltung verf\u00fcgbar.<\/strong><\/p>\n<h3>\u00a0<\/h3>\n<h3>HOTEL+TICKET PAKETE<\/h3>\n<p>Eine begrenzte Anzahl von Kaufoptionen sind f\u00fcr Kunden des San Remo Hotels reserviert, die das volle Urlaubs-Paket f\u00fcr die Veranstaltung kaufen.<\/p>\n<p><strong><span style=\"color: #ff0000;\">Kontaktieren Sie uns \u00fcber das &#8222;Kontaktieren Sie uns&#8220;-Formular auf der Webseite, um mehr Informationen zur Verf\u00fcgbarkeit von Urlaubs-Paketen, Hotelunterbringungen + Tickets f\u00fcr die Veranstaltung zu erhalten.<\/span><\/strong><\/p>\n<p>&nbsp;<\/p>\n<h3>RAI KARTENVERKAUF<\/h3>\n<p>In den ersten Tagen im Januar wird RAI einen Kartenverkauf f\u00fcr das Buchen der restlichen Kaufoptionen aktivieren.<br \/>Normalerweise wird eine FAX-Nummer f\u00fcr die Anfrage angegeben.<br \/>Kaufoptionen werden zuf\u00e4llig auf diejenigen verteilt, die eine Anfrage gestellt haben.<br \/>Bitte bedenken Sie, dass die Nachfrage nach Tickets f\u00fcr die Veranstaltung die Kapazit\u00e4ten des Theaters stark \u00fcbersteigt.<br \/>In den vergangenen Jahren wurde die Verf\u00fcgbarkeit von Kaufoptionen in dieser Phase auf den Bereich der Trib\u00fcne im Theater beschr\u00e4nkt.<\/p>\n<p>&nbsp;<\/p>\n<h3>ARISTON THEATER\u00a0KARTNEVERKAUF<\/h3>\n<p>In den Tagen kurz vor der Veranstaltung und w\u00e4hrend des Festivals wird es einen Kartenverkauf im Ariston Theater geben.<br \/>\u00dcblicherweise stehen dort die wenigen Tickets f\u00fcr die Sitze im Bereich des Parketts, die im Voraus gebucht, aber nicht rechtzeitig zur\u00fcckgenommen wurden, und einige Tickets f\u00fcr den Bereich der Trib\u00fcne zum Verkauf.<br \/>Nur in dieser Phase ist es m\u00f6glich, Tickets f\u00fcr einzelne Abende der Veranstaltung zu kaufen.<br \/>Auch in diesem Fall \u00fcbersteigt die Nachfrage nach Tickets das bestehende Angebot, weswegen es fast unm\u00f6glich ist, Tickets zu finden.<\/p>\n<p><strong><span style=\"color: #ff0000;\">Wenn Sie wahre Liebhaber des italienischen Songs sind, empfehlen wir Ihnen rechtzeitig ein Urlaubs-Paket zu buchen. Kontaktieren Sie uns \u00fcber das &#8222;Kontaktieren Sie uns&#8220;-Formular auf der Webseite und wir werden uns freuen, Ihnen weiterzuhelfen.\u00a0<\/span><\/strong><\/p>\n<p>&nbsp;<\/p>\n<p>[\/et_pb_text][et_pb_text admin_label=&#8220;Text&#8220; _builder_version=&#8220;4.16&#8243; background_size=&#8220;initial&#8220; background_position=&#8220;top_left&#8220; background_repeat=&#8220;repeat&#8220; global_colors_info=&#8220;{}&#8220;]<\/p>\n<h3>VERF\u00dcGBARE SITZE<\/h3>\n<p>Die Sitzzuteilung liegt im alleinigen Ermessen des RAI.<br \/>Im folgenden erhalten Sie einen \u00dcberblick \u00fcber die im Vorverkauf verf\u00fcgbaren Sitze.<\/p>\n<table style=\"border-collapse: collapse; width: 100%;\" border=\"1\">\n<caption>ARISTON THEATER<\/caption>\n<tbody>\n<tr>\n<td style=\"width: 20%;\">\u00a0<\/td>\n<td style=\"width: 30%;\">Bereich<\/td>\n<td style=\"width: 70%;\">Verf\u00fcgbarkeit&#8216;<\/td>\n<\/tr>\n<tr>\n<td style=\"width: 20%;\">Rang<\/td>\n<td style=\"width: 30%;\">sector 1\u00b0<\/td>\n<td style=\"width: 70%;\">nur f\u00fcr institutionelle G\u00e4ste<\/td>\n<\/tr>\n<tr>\n<td style=\"width: 20%;\">Rang<\/td>\n<td style=\"width: 30%;\">sector 2\u00b0<\/td>\n<td style=\"width: 70%;\">teilweise verf\u00fcgbar im Vorverkauf<\/td>\n<\/tr>\n<tr>\n<td style=\"width: 20%;\">Trib\u00fcne<\/td>\n<td style=\"width: 30%;\">einzigartiger Bereich<\/td>\n<td style=\"width: 70%;\">teilweise verf\u00fcgbar im Vorverkauf<\/td>\n<\/tr>\n<\/tbody>\n<\/table>\n<p>[\/et_pb_text][et_pb_text admin_label=&#8220;Text&#8220; _builder_version=&#8220;4.19.5&#8243; background_size=&#8220;initial&#8220; background_position=&#8220;top_left&#8220; background_repeat=&#8220;repeat&#8220; hover_enabled=&#8220;0&#8243; global_colors_info=&#8220;{}&#8220; sticky_enabled=&#8220;0&#8243;]<\/p>\n<p><strong>SICHERHEITSMA\u00dfNAHMEN<\/strong><\/p>\n<p>Die Veranstaltungstickets sind Namen zugeordnet, also sind zum Kauf die kompletten Angaben des K\u00e4ufers n\u00f6tig.<\/p>\n<p>Wenn Sie ein Urlaubspaket kaufen, das von unserer Agentur angeboten wird, m\u00fcssen Sie sich nicht um die ganze komplizierte B\u00fcrokratie k\u00fcmmern.<\/p>\n<p>[\/et_pb_text][\/et_pb_column][et_pb_column type=&#8220;2_5&#8243; _builder_version=&#8220;4.16&#8243; _module_preset=&#8220;default&#8220; global_colors_info=&#8220;{}&#8220;][et_pb_sidebar _builder_version=&#8220;4.16&#8243; _module_preset=&#8220;default&#8220; global_colors_info=&#8220;{}&#8220;][\/et_pb_sidebar][\/et_pb_column][\/et_pb_row][\/et_pb_section]<\/p>\n","protected":false},"excerpt":{"rendered":"<p>Alle Informationen, die Sie brauchen, um die Tickets f\u00fcr das San Remo Festival 2027 zu kaufen, um an den 5 Abenden des San Remo Festivals des italienischen Songs teilzunehmen, finden Sie hier. Der Kartenverkauf des San Remo Festivals wird von dem RAI, einem italienischen Radio\/TV-Sender, welcher die Veranstaltung organisiert, gef\u00fchrt. Die f\u00fcr die \u00d6ffentlichkeit verf\u00fcgbaren [&hellip;]<\/p>\n","protected":false},"author":1,"featured_media":0,"parent":0,"menu_order":0,"comment_status":"closed","ping_status":"closed","template":"","meta":{"_et_pb_use_builder":"on","_et_pb_old_content":"<h3>Alle Informationen, die Sie brauchen, um die Tickets f\u00fcr das San Remo Festival 2021 zu kaufen, um an den 5 Abenden des San Remo Festivals des italienischen Songs teilzunehmen, finden Sie hier.<\/h3>\r\nDer Kartenverkauf des San Remo Festivals wird von dem RAI, einem italienischen Radio\/TV-Sender, welcher die Veranstaltung organisiert, gef\u00fchrt.\r\n\r\nDie f\u00fcr die \u00d6ffentlichkeit verf\u00fcgbaren Pl\u00e4tze im Ariston Theater sind streng limitiert, weil die Publikumsgr\u00f6\u00dfe durch die beeindruckende B\u00fchnengestaltung und durch die Tatsache, dass die meisten Sitze institutionellen G\u00e4sten des staatlichen Fernsehens und der Kommune San Remo vorbehalten sind, begrenzt wird.\r\n\r\n<strong>Vorverk\u00e4ufe sind nur mit Kaufoptionen f\u00fcr die 5 Abende der Veranstaltung verf\u00fcgbar.<\/strong>\r\n<h3><\/h3>\r\n<h3>HOTEL+TICKET PAKETE<\/h3>\r\nEine begrenzte Anzahl von Kaufoptionen sind f\u00fcr Kunden des San Remo Hotels reserviert, die das volle Urlaubs-Paket f\u00fcr die Veranstaltung kaufen.\r\n\r\n<strong><span style=\"color: #ff0000;\">Kontaktieren Sie uns \u00fcber das \"Kontaktieren Sie uns\"-Formular auf der Webseite, um mehr Informationen zur Verf\u00fcgbarkeit von Urlaubs-Paketen, Hotelunterbringungen + Tickets f\u00fcr die Veranstaltung zu erhalten.<\/span><\/strong>\r\n\r\n\u00a0\r\n<h3>RAI KARTENVERKAUF<\/h3>\r\nIn den ersten Tagen im Januar wird RAI einen Kartenverkauf f\u00fcr das Buchen der restlichen Kaufoptionen aktivieren.\r\nNormalerweise wird eine FAX-Nummer f\u00fcr die Anfrage angegeben.\r\nKaufoptionen werden zuf\u00e4llig auf diejenigen verteilt, die eine Anfrage gestellt haben.\r\nBitte bedenken Sie, dass die Nachfrage nach Tickets f\u00fcr die Veranstaltung die Kapazit\u00e4ten des Theaters stark \u00fcbersteigt.\r\nIn den vergangenen Jahren wurde die Verf\u00fcgbarkeit von Kaufoptionen in dieser Phase auf den Bereich der Trib\u00fcne im Theater beschr\u00e4nkt.\r\n\r\n\u00a0\r\n<h3>ARISTON THEATER\u00a0KARTNEVERKAUF<\/h3>\r\nIn den Tagen kurz vor der Veranstaltung und w\u00e4hrend des Festivals wird es einen Kartenverkauf im Ariston Theater geben.\r\n\u00dcblicherweise stehen dort die wenigen Tickets f\u00fcr die Sitze im Bereich des Parketts, die im Voraus gebucht, aber nicht rechtzeitig zur\u00fcckgenommen wurden, und einige Tickets f\u00fcr den Bereich der Trib\u00fcne zum Verkauf.\r\nNur in dieser Phase ist es m\u00f6glich, Tickets f\u00fcr einzelne Abende der Veranstaltung zu kaufen.\r\nAuch in diesem Fall \u00fcbersteigt die Nachfrage nach Tickets das bestehende Angebot, weswegen es fast unm\u00f6glich ist, Tickets zu finden.\r\n\r\n<strong><span style=\"color: #ff0000;\">Wenn Sie wahre Liebhaber des italienischen Songs sind, empfehlen wir Ihnen rechtzeitig ein Urlaubs-Paket zu buchen. Kontaktieren Sie uns \u00fcber das \"Kontaktieren Sie uns\"-Formular auf der Webseite und wir werden uns freuen, Ihnen weiterzuhelfen.\u00a0<\/span><\/strong>\r\n\r\n\u00a0\r\n<h3>VERF\u00dcGBARE SITZE<\/h3>\r\nDie Sitzzuteilung liegt im alleinigen Ermessen des RAI.\r\nIm folgenden erhalten Sie einen \u00dcberblick \u00fcber die im Vorverkauf verf\u00fcgbaren Sitze.\r\n\r\n[table caption=\"ARISTON THEATER\" width=\"500\" colwidth=\"100|100|300\" colalign=\"left|left|left\"]\r\n,Bereich,Verf\u00fcgbarkeit \r\nRang,sector 1\u00b0 ,nur f\u00fcr institutionelle G\u00e4ste\r\nRang,sector 2\u00b0,teilweise verf\u00fcgbar im Vorverkauf\r\nTrib\u00fcne, einzigartiger Bereich, teilweise verf\u00fcgbar im Vorverkauf\r\n[\/table]\r\n\r\n<strong>SICHERHEITSMA\u00dfNAHMEN<\/strong>\r\n\r\nDie Veranstaltungstickets sind Namen zugeordnet, also sind zum Kauf die kompletten Angaben des K\u00e4ufers n\u00f6tig.\r\n\r\nWenn Sie ein Urlaubspaket kaufen, das von unserer Agentur angeboten wird, m\u00fcssen Sie sich nicht um die ganze komplizierte B\u00fcrokratie k\u00fcmmern.","_et_gb_content_width":"","footnotes":""},"class_list":["post-257653","page","type-page","status-publish","hentry"],"_links":{"self":[{"href":"https:\/\/sanremofestival.net\/de\/wp-json\/wp\/v2\/pages\/257653","targetHints":{"allow":["GET"]}}],"collection":[{"href":"https:\/\/sanremofestival.net\/de\/wp-json\/wp\/v2\/pages"}],"about":[{"href":"https:\/\/sanremofestival.net\/de\/wp-json\/wp\/v2\/types\/page"}],"author":[{"embeddable":true,"href":"https:\/\/sanremofestival.net\/de\/wp-json\/wp\/v2\/users\/1"}],"replies":[{"embeddable":true,"href":"https:\/\/sanremofestival.net\/de\/wp-json\/wp\/v2\/comments?post=257653"}],"version-history":[{"count":12,"href":"https:\/\/sanremofestival.net\/de\/wp-json\/wp\/v2\/pages\/257653\/revisions"}],"predecessor-version":[{"id":443618,"href":"https:\/\/sanremofestival.net\/de\/wp-json\/wp\/v2\/pages\/257653\/revisions\/443618"}],"wp:attachment":[{"href":"https:\/\/sanremofestival.net\/de\/wp-json\/wp\/v2\/media?parent=257653"}],"curies":[{"name":"wp","href":"https:\/\/api.w.org\/{rel}","templated":true}]}}